{"id":451,"date":"2025-12-12T15:07:00","date_gmt":"2025-12-12T15:07:00","guid":{"rendered":"https:\/\/travex.fr\/?page_id=451"},"modified":"2025-12-30T21:52:43","modified_gmt":"2025-12-30T21:52:43","slug":"ouverture-mur-porteur-bretagne-quimper","status":"publish","type":"page","link":"https:\/\/travex.fr\/index.php\/ouverture-mur-porteur-bretagne-quimper\/","title":{"rendered":"Ouverture mur porteur Bretagne Quimper, TRAVEX BATIMENT"},"content":{"rendered":"\n\n\n\n\n\n\n\n\n\n\n\n\n\n\n\n\n\n\n\n","protected":false},"excerpt":{"rendered":"","protected":false},"author":1,"featured_media":213,"parent":0,"menu_order":0,"comment_status":"closed","ping_status":"closed","template":"","meta":{"saved_in_kubio":true,"footnotes":""},"class_list":["post-451","page","type-page","status-publish","has-post-thumbnail","hentry"],"kubio_ai_page_context":{"short_desc":"","purpose":"general"},"yoast_head":"<!-- This site is optimized with the Yoast SEO plugin v27.6 - https:\/\/yoast.com\/product\/yoast-seo-wordpress\/ -->\n<title>Ouverture mur porteur Bretagne Quimper, TRAVEX BATIMENT<\/title>\n<meta name=\"description\" content=\"Vos travaux r\u00e9alis\u00e9s par des ma\u00e7ons professionnels. La s\u00e9curit\u00e9 du r\u00e9sultats et du bon d\u00e9roulement de votre chantier, TRAVEX BATIMENT\" \/>\n<meta name=\"robots\" content=\"index, follow, max-snippet:-1, max-image-preview:large, max-video-preview:-1\" \/>\n<link rel=\"canonical\" href=\"https:\/\/travex.fr\/index.php\/ouverture-mur-porteur-bretagne-quimper\/\" \/>\n<meta property=\"og:locale\" content=\"fr_FR\" \/>\n<meta property=\"og:type\" content=\"article\" \/>\n<meta property=\"og:title\" content=\"Ouverture mur porteur Bretagne Quimper, TRAVEX BATIMENT\" \/>\n<meta property=\"og:description\" content=\"Vos travaux r\u00e9alis\u00e9s par des ma\u00e7ons professionnels. La s\u00e9curit\u00e9 du r\u00e9sultats et du bon d\u00e9roulement de votre chantier, TRAVEX BATIMENT\" \/>\n<meta property=\"og:url\" content=\"https:\/\/travex.fr\/index.php\/ouverture-mur-porteur-bretagne-quimper\/\" \/>\n<meta property=\"og:site_name\" content=\"TRAVEX BATIMENT\" \/>\n<meta property=\"article:modified_time\" content=\"2025-12-30T21:52:43+00:00\" \/>\n<meta property=\"og:image\" content=\"https:\/\/travex.fr\/wp-content\/uploads\/2025\/11\/Sans-titre-1.png\" \/>\n\t<meta property=\"og:image:width\" content=\"632\" \/>\n\t<meta property=\"og:image:height\" content=\"286\" \/>\n\t<meta property=\"og:image:type\" content=\"image\/png\" \/>\n<meta name=\"twitter:card\" content=\"summary_large_image\" \/>\n<meta name=\"twitter:label1\" content=\"Dur\u00e9e de lecture estim\u00e9e\" \/>\n\t<meta name=\"twitter:data1\" content=\"1 minute\" \/>\n<script type=\"application\/ld+json\" class=\"yoast-schema-graph\">{\"@context\":\"https:\\\/\\\/schema.org\",\"@graph\":[{\"@type\":\"WebPage\",\"@id\":\"https:\\\/\\\/travex.fr\\\/index.php\\\/ouverture-mur-porteur-bretagne-quimper\\\/\",\"url\":\"https:\\\/\\\/travex.fr\\\/index.php\\\/ouverture-mur-porteur-bretagne-quimper\\\/\",\"name\":\"Ouverture mur porteur Bretagne Quimper, TRAVEX BATIMENT\",\"isPartOf\":{\"@id\":\"https:\\\/\\\/travex.fr\\\/#website\"},\"primaryImageOfPage\":{\"@id\":\"https:\\\/\\\/travex.fr\\\/index.php\\\/ouverture-mur-porteur-bretagne-quimper\\\/#primaryimage\"},\"image\":{\"@id\":\"https:\\\/\\\/travex.fr\\\/index.php\\\/ouverture-mur-porteur-bretagne-quimper\\\/#primaryimage\"},\"thumbnailUrl\":\"https:\\\/\\\/travex.fr\\\/wp-content\\\/uploads\\\/2025\\\/11\\\/Sans-titre-1.png\",\"datePublished\":\"2025-12-12T15:07:00+00:00\",\"dateModified\":\"2025-12-30T21:52:43+00:00\",\"description\":\"Vos travaux r\u00e9alis\u00e9s par des ma\u00e7ons professionnels. La s\u00e9curit\u00e9 du r\u00e9sultats et du bon d\u00e9roulement de votre chantier, TRAVEX BATIMENT\",\"breadcrumb\":{\"@id\":\"https:\\\/\\\/travex.fr\\\/index.php\\\/ouverture-mur-porteur-bretagne-quimper\\\/#breadcrumb\"},\"inLanguage\":\"fr-FR\",\"potentialAction\":[{\"@type\":\"ReadAction\",\"target\":[\"https:\\\/\\\/travex.fr\\\/index.php\\\/ouverture-mur-porteur-bretagne-quimper\\\/\"]}]},{\"@type\":\"ImageObject\",\"inLanguage\":\"fr-FR\",\"@id\":\"https:\\\/\\\/travex.fr\\\/index.php\\\/ouverture-mur-porteur-bretagne-quimper\\\/#primaryimage\",\"url\":\"https:\\\/\\\/travex.fr\\\/wp-content\\\/uploads\\\/2025\\\/11\\\/Sans-titre-1.png\",\"contentUrl\":\"https:\\\/\\\/travex.fr\\\/wp-content\\\/uploads\\\/2025\\\/11\\\/Sans-titre-1.png\",\"width\":632,\"height\":286,\"caption\":\"TRAVEX BATIMENT\"},{\"@type\":\"BreadcrumbList\",\"@id\":\"https:\\\/\\\/travex.fr\\\/index.php\\\/ouverture-mur-porteur-bretagne-quimper\\\/#breadcrumb\",\"itemListElement\":[{\"@type\":\"ListItem\",\"position\":1,\"name\":\"Accueil\",\"item\":\"https:\\\/\\\/travex.fr\\\/\"},{\"@type\":\"ListItem\",\"position\":2,\"name\":\"Ouverture mur porteur Bretagne Quimper, TRAVEX BATIMENT\"}]},{\"@type\":\"WebSite\",\"@id\":\"https:\\\/\\\/travex.fr\\\/#website\",\"url\":\"https:\\\/\\\/travex.fr\\\/\",\"name\":\"TRAVEX BATIMENT\",\"description\":\"\",\"publisher\":{\"@id\":\"https:\\\/\\\/travex.fr\\\/#organization\"},\"potentialAction\":[{\"@type\":\"SearchAction\",\"target\":{\"@type\":\"EntryPoint\",\"urlTemplate\":\"https:\\\/\\\/travex.fr\\\/?s={search_term_string}\"},\"query-input\":{\"@type\":\"PropertyValueSpecification\",\"valueRequired\":true,\"valueName\":\"search_term_string\"}}],\"inLanguage\":\"fr-FR\"},{\"@type\":\"Organization\",\"@id\":\"https:\\\/\\\/travex.fr\\\/#organization\",\"name\":\"TRAVEX BATIMENT\",\"url\":\"https:\\\/\\\/travex.fr\\\/\",\"logo\":{\"@type\":\"ImageObject\",\"inLanguage\":\"fr-FR\",\"@id\":\"https:\\\/\\\/travex.fr\\\/#\\\/schema\\\/logo\\\/image\\\/\",\"url\":\"https:\\\/\\\/travex.fr\\\/wp-content\\\/uploads\\\/2025\\\/11\\\/Sans-titre-1.png\",\"contentUrl\":\"https:\\\/\\\/travex.fr\\\/wp-content\\\/uploads\\\/2025\\\/11\\\/Sans-titre-1.png\",\"width\":632,\"height\":286,\"caption\":\"TRAVEX BATIMENT\"},\"image\":{\"@id\":\"https:\\\/\\\/travex.fr\\\/#\\\/schema\\\/logo\\\/image\\\/\"}}]}<\/script>\n<!-- \/ Yoast SEO plugin. -->","yoast_head_json":{"title":"Ouverture mur porteur Bretagne Quimper, TRAVEX BATIMENT","description":"Vos travaux r\u00e9alis\u00e9s par des ma\u00e7ons professionnels. La s\u00e9curit\u00e9 du r\u00e9sultats et du bon d\u00e9roulement de votre chantier, TRAVEX BATIMENT","robots":{"index":"index","follow":"follow","max-snippet":"max-snippet:-1","max-image-preview":"max-image-preview:large","max-video-preview":"max-video-preview:-1"},"canonical":"https:\/\/travex.fr\/index.php\/ouverture-mur-porteur-bretagne-quimper\/","og_locale":"fr_FR","og_type":"article","og_title":"Ouverture mur porteur Bretagne Quimper, TRAVEX BATIMENT","og_description":"Vos travaux r\u00e9alis\u00e9s par des ma\u00e7ons professionnels. La s\u00e9curit\u00e9 du r\u00e9sultats et du bon d\u00e9roulement de votre chantier, TRAVEX BATIMENT","og_url":"https:\/\/travex.fr\/index.php\/ouverture-mur-porteur-bretagne-quimper\/","og_site_name":"TRAVEX BATIMENT","article_modified_time":"2025-12-30T21:52:43+00:00","og_image":[{"width":632,"height":286,"url":"https:\/\/travex.fr\/wp-content\/uploads\/2025\/11\/Sans-titre-1.png","type":"image\/png"}],"twitter_card":"summary_large_image","twitter_misc":{"Dur\u00e9e de lecture estim\u00e9e":"1 minute"},"schema":{"@context":"https:\/\/schema.org","@graph":[{"@type":"WebPage","@id":"https:\/\/travex.fr\/index.php\/ouverture-mur-porteur-bretagne-quimper\/","url":"https:\/\/travex.fr\/index.php\/ouverture-mur-porteur-bretagne-quimper\/","name":"Ouverture mur porteur Bretagne Quimper, TRAVEX BATIMENT","isPartOf":{"@id":"https:\/\/travex.fr\/#website"},"primaryImageOfPage":{"@id":"https:\/\/travex.fr\/index.php\/ouverture-mur-porteur-bretagne-quimper\/#primaryimage"},"image":{"@id":"https:\/\/travex.fr\/index.php\/ouverture-mur-porteur-bretagne-quimper\/#primaryimage"},"thumbnailUrl":"https:\/\/travex.fr\/wp-content\/uploads\/2025\/11\/Sans-titre-1.png","datePublished":"2025-12-12T15:07:00+00:00","dateModified":"2025-12-30T21:52:43+00:00","description":"Vos travaux r\u00e9alis\u00e9s par des ma\u00e7ons professionnels. La s\u00e9curit\u00e9 du r\u00e9sultats et du bon d\u00e9roulement de votre chantier, TRAVEX BATIMENT","breadcrumb":{"@id":"https:\/\/travex.fr\/index.php\/ouverture-mur-porteur-bretagne-quimper\/#breadcrumb"},"inLanguage":"fr-FR","potentialAction":[{"@type":"ReadAction","target":["https:\/\/travex.fr\/index.php\/ouverture-mur-porteur-bretagne-quimper\/"]}]},{"@type":"ImageObject","inLanguage":"fr-FR","@id":"https:\/\/travex.fr\/index.php\/ouverture-mur-porteur-bretagne-quimper\/#primaryimage","url":"https:\/\/travex.fr\/wp-content\/uploads\/2025\/11\/Sans-titre-1.png","contentUrl":"https:\/\/travex.fr\/wp-content\/uploads\/2025\/11\/Sans-titre-1.png","width":632,"height":286,"caption":"TRAVEX BATIMENT"},{"@type":"BreadcrumbList","@id":"https:\/\/travex.fr\/index.php\/ouverture-mur-porteur-bretagne-quimper\/#breadcrumb","itemListElement":[{"@type":"ListItem","position":1,"name":"Accueil","item":"https:\/\/travex.fr\/"},{"@type":"ListItem","position":2,"name":"Ouverture mur porteur Bretagne Quimper, TRAVEX BATIMENT"}]},{"@type":"WebSite","@id":"https:\/\/travex.fr\/#website","url":"https:\/\/travex.fr\/","name":"TRAVEX BATIMENT","description":"","publisher":{"@id":"https:\/\/travex.fr\/#organization"},"potentialAction":[{"@type":"SearchAction","target":{"@type":"EntryPoint","urlTemplate":"https:\/\/travex.fr\/?s={search_term_string}"},"query-input":{"@type":"PropertyValueSpecification","valueRequired":true,"valueName":"search_term_string"}}],"inLanguage":"fr-FR"},{"@type":"Organization","@id":"https:\/\/travex.fr\/#organization","name":"TRAVEX BATIMENT","url":"https:\/\/travex.fr\/","logo":{"@type":"ImageObject","inLanguage":"fr-FR","@id":"https:\/\/travex.fr\/#\/schema\/logo\/image\/","url":"https:\/\/travex.fr\/wp-content\/uploads\/2025\/11\/Sans-titre-1.png","contentUrl":"https:\/\/travex.fr\/wp-content\/uploads\/2025\/11\/Sans-titre-1.png","width":632,"height":286,"caption":"TRAVEX BATIMENT"},"image":{"@id":"https:\/\/travex.fr\/#\/schema\/logo\/image\/"}}]}},"_links":{"self":[{"href":"https:\/\/travex.fr\/index.php\/wp-json\/wp\/v2\/pages\/451","targetHints":{"allow":["GET"]}}],"collection":[{"href":"https:\/\/travex.fr\/index.php\/wp-json\/wp\/v2\/pages"}],"about":[{"href":"https:\/\/travex.fr\/index.php\/wp-json\/wp\/v2\/types\/page"}],"author":[{"embeddable":true,"href":"https:\/\/travex.fr\/index.php\/wp-json\/wp\/v2\/users\/1"}],"replies":[{"embeddable":true,"href":"https:\/\/travex.fr\/index.php\/wp-json\/wp\/v2\/comments?post=451"}],"version-history":[{"count":14,"href":"https:\/\/travex.fr\/index.php\/wp-json\/wp\/v2\/pages\/451\/revisions"}],"predecessor-version":[{"id":609,"href":"https:\/\/travex.fr\/index.php\/wp-json\/wp\/v2\/pages\/451\/revisions\/609"}],"wp:featuredmedia":[{"embeddable":true,"href":"https:\/\/travex.fr\/index.php\/wp-json\/wp\/v2\/media\/213"}],"wp:attachment":[{"href":"https:\/\/travex.fr\/index.php\/wp-json\/wp\/v2\/media?parent=451"}],"curies":[{"name":"wp","href":"https:\/\/api.w.org\/{rel}","templated":true}]}}